{"id":647,"date":"2016-05-20T14:53:04","date_gmt":"2016-05-20T14:53:04","guid":{"rendered":"https:\/\/milano.beantown.website\/?page_id=647"},"modified":"2025-10-29T14:19:15","modified_gmt":"2025-10-29T14:19:15","slug":"about-itsupro","status":"publish","type":"page","link":"https:\/\/itsupro.com\/vi\/about-itsupro\/","title":{"rendered":"About ITSUPRO"},"content":{"rendered":"<section class=\"wpb-content-wrapper\"><div class=\"vc_row wpb_row vc_row-fluid\"><div class=\"wpb_column vc_column_container vc_col-sm-12\"><div class=\"vc_column-inner\"><div class=\"wpb_wrapper\"><h2 class=\"\"><span class=\"TextRun SCXW121281169 BCX9\" lang=\"EN-US\" xml:lang=\"EN-US\" data-contrast=\"auto\"><span class=\"NormalTextRun SCXW121281169 BCX9\" style=\"font-family:Segoe UI;color:#00008B\"\">ITSUPRO &#8211; \u0110\u1ed0I T\u00c1C C\u00d4NG NGH\u1ec6 TIN C\u1eacY CHO S\u1ef0 PH\u00c1T TRI\u1ec2N KINH DOANH<\/span><\/span><span class=\"EOP SCXW121281169 BCX9\" data-ccp-props=\"{&quot;201341983&quot;:0,&quot;335559739&quot;:160,&quot;335559740&quot;:259}\">\u00a0<\/span><\/h2><div class=\"vc_empty_space\"   style=\"height: 32px\"><span class=\"vc_empty_space_inner\"><\/span><\/div>\n\t<div class=\"wpb_text_column wpb_content_element  about-contents\" >\n\t\t<div class=\"wpb_wrapper\">\n\t\t\t<p><span data-contrast=\"auto\">C\u00d4NG TY C\u1ed4 PH\u1ea6N \u0110\u1ea6U T\u01af V\u00c0 PH\u00c1T TRI\u1ec2N ITSUPRO l\u00e0 ti\u1ec1n th\u00e2n xu\u1ea5t ph\u00e1t t\u1eeb C\u00f4ng ty TNHH c\u00f4ng ngh\u1ec7 t\u1ea7m nh\u00ecn Vi\u1ec7t Nam, th\u00e0nh l\u1eadp v\u00e0o ng\u00e0y 30\/11\/2009 v\u00e0 chuy\u1ec3n \u0111\u1ed5i th\u00e0nh c\u00f4ng ty c\u1ed5 ph\u1ea7n v\u00e0o ng\u00e0y 22\/9\/2010. C\u00f4ng ty ch\u00ednh th\u1ee9c \u0111\u1ed5i t\u00ean th\u00e0nh ITSUPRO v\u00e0o ng\u00e0y 10\/12\/2018. ITSUPRO l\u00e0 n\u01a1i t\u1eadp trung c\u00e1c chuy\u00ean gia h\u00e0ng \u0111\u1ea7u trong ng\u00e0nh c\u00f4ng ngh\u1ec7, nh\u1eb1m mang \u0111\u1ebfn nh\u1eefng gi\u00e1 tr\u1ecb t\u1ed1t nh\u1ea5t v\u00e0 t\u1ed1i \u01b0u nh\u1ea5t cho kh\u00e1ch h\u00e0ng.<\/span><span data-ccp-props=\"{&quot;201341983&quot;:0,&quot;335551550&quot;:6,&quot;335551620&quot;:6,&quot;335559739&quot;:160,&quot;335559740&quot;:259}\">\u00a0<\/span><\/p>\n<p><span data-contrast=\"auto\">2 nh\u00f3m ho\u1ea1t \u0111\u1ed9ng tr\u1ecdng t\u00e2m c\u1ee7a ITSUPRO:<\/span><span data-ccp-props=\"{&quot;201341983&quot;:0,&quot;335559739&quot;:160,&quot;335559740&quot;:259}\">\u00a0<\/span><\/p>\n<ul>\n<li data-leveltext=\"-\" data-font=\"Times New Roman\" data-listid=\"1\" data-list-defn-props=\"{&quot;335552541&quot;:1,&quot;335559684&quot;:-2,&quot;335559685&quot;:720,&quot;335559991&quot;:360,&quot;469769226&quot;:&quot;Times New Roman&quot;,&quot;469769242&quot;:&#091;8226&#093;,&quot;469777803&quot;:&quot;left&quot;,&quot;469777804&quot;:&quot;-&quot;,&quot;469777815&quot;:&quot;hybridMultilevel&quot;}\" aria-setsize=\"-1\" data-aria-posinset=\"1\" data-aria-level=\"1\"><span data-contrast=\"auto\">Th\u01b0\u01a1ng m\u1ea1i<\/span><span data-ccp-props=\"{&quot;201341983&quot;:0,&quot;335559739&quot;:160,&quot;335559740&quot;:259}\">\u00a0<\/span><\/li>\n<\/ul>\n<ul>\n<li data-leveltext=\"-\" data-font=\"Times New Roman\" data-listid=\"1\" data-list-defn-props=\"{&quot;335552541&quot;:1,&quot;335559684&quot;:-2,&quot;335559685&quot;:720,&quot;335559991&quot;:360,&quot;469769226&quot;:&quot;Times New Roman&quot;,&quot;469769242&quot;:&#091;8226&#093;,&quot;469777803&quot;:&quot;left&quot;,&quot;469777804&quot;:&quot;-&quot;,&quot;469777815&quot;:&quot;hybridMultilevel&quot;}\" aria-setsize=\"-1\" data-aria-posinset=\"1\" data-aria-level=\"1\"><span data-contrast=\"auto\">D\u1ecbch v\u1ee5<\/span><span data-ccp-props=\"{&quot;201341983&quot;:0,&quot;335559739&quot;:160,&quot;335559740&quot;:259}\">\u00a0<\/span><\/li>\n<\/ul>\n<p><span data-contrast=\"auto\">V\u1edbi l\u0129nh v\u1ef1c th\u01b0\u01a1ng m\u1ea1i, ITSUPRO kh\u00f4ng ch\u1ec9 cung c\u1ea5p thi\u1ebft b\u1ecb c\u00f4ng ngh\u1ec7 hi\u1ec7n \u0111\u1ea1i nh\u01b0 m\u00e1y t\u00ednh, m\u00e1y ch\u1ee7, linh ki\u1ec7n,\u2026 m\u00e0 c\u00f2n cung c\u1ea5p cho doanh nghi\u1ec7p nh\u1eefng s\u1ea3n ph\u1ea9m internet nh\u01b0 t\u00ean mi\u1ec1n, hosting, email, cloud&#8230; Ch\u00fang t\u00f4i hi\u1ec3u r\u1eb1ng trong m\u00f4i tr\u01b0\u1eddng kinh doanh ng\u00e0y c\u00e0ng c\u1ea1nh tranh v\u00e0 thay \u0111\u1ed5i nhanh ch\u00f3ng th\u00ec s\u1ef1 hi\u1ec7u qu\u1ea3 v\u00e0 t\u01b0\u01a1ng t\u00e1c v\u1edbi kh\u00e1ch h\u00e0ng l\u00e0 y\u1ebfu t\u1ed1 quan tr\u1ecdng. V\u00ec v\u1eady, ch\u00fang t\u00f4i cam k\u1ebft mang \u0111\u1ebfn cho b\u1ea1n nh\u1eefng gi\u1ea3i ph\u00e1p c\u00f4ng ngh\u1ec7 ti\u00ean ti\u1ebfn, gi\u00fap t\u0103ng c\u01b0\u1eddng n\u0103ng su\u1ea5t l\u00e0m vi\u1ec7c v\u00e0 t\u1ea1o ra tr\u1ea3i nghi\u1ec7m tuy\u1ec7t v\u1eddi cho doanh nghi\u1ec7p c\u1ee7a b\u1ea1n.<\/span><span data-ccp-props=\"{&quot;201341983&quot;:0,&quot;335551550&quot;:6,&quot;335551620&quot;:6,&quot;335559739&quot;:160,&quot;335559740&quot;:259}\">\u00a0<\/span><\/p>\n<p><span data-contrast=\"auto\">Trong l\u0129nh v\u1ef1c d\u1ecbch v\u1ee5, ITSUPRO l\u00e0 \u0111\u01a1n v\u1ecb t\u01b0 v\u1ea5n, tri\u1ec3n khai v\u00e0 v\u1eadn h\u00e0nh h\u1ec7 th\u1ed1ng m\u1ea1ng m\u00e1y t\u00ednh cho doanh nghi\u1ec7p. V\u1edbi \u0111\u1ed9i ng\u0169 chuy\u00ean gia gi\u00e0u kinh nghi\u1ec7m, ch\u00fang t\u00f4i s\u1ebd l\u00e0 \u0111\u1ed1i t\u00e1c \u0111\u00e1ng tin c\u1eady gi\u00fap b\u1ea1n gi\u1ea3i quy\u1ebft c\u00e1c v\u1ea5n \u0111\u1ec1 li\u00ean quan \u0111\u1ebfn m\u00e1y t\u00ednh, d\u1eef li\u1ec7u v\u00e0 h\u1ec7 th\u1ed1ng m\u1ea1ng trong doanh nghi\u1ec7p. B\u1eb1ng c\u00e1ch ch\u1ecdn ITSUPRO, b\u1ea1n c\u00f3 th\u1ec3 gi\u1ea3m thi\u1ec3u chi ph\u00ed \u0111\u1ea7u t\u01b0 ph\u00f2ng IT v\u1edbi nhi\u1ec1u nh\u00e2n s\u1ef1 v\u00e0 t\u1eadn d\u1ee5ng t\u1ed1i \u0111a hi\u1ec7u su\u1ea5t l\u00e0m vi\u1ec7c c\u1ee7a c\u00f4ng ty m\u00ecnh.<\/span><span data-ccp-props=\"{&quot;201341983&quot;:0,&quot;335551550&quot;:6,&quot;335551620&quot;:6,&quot;335559739&quot;:160,&quot;335559740&quot;:259}\">\u00a0<\/span><\/p>\n<p><span data-contrast=\"auto\">V\u1edbi ITSUPRO, ch\u00fang t\u00f4i kh\u00f4ng ch\u1ec9 l\u00e0 m\u1ed9t nh\u00e0 cung c\u1ea5p d\u1ecbch v\u1ee5 c\u00f4ng ngh\u1ec7 th\u00f4ng tin. Ch\u00fang t\u00f4i s\u1ebd tr\u1edf th\u00e0nh ph\u00f2ng IT \u0111\u00e1ng tin c\u1eady c\u1ee7a b\u1ea1n, \u0111\u1ed3ng h\u00e0nh c\u00f9ng doanh nghi\u1ec7p t\u1eeb l\u00fac b\u1eaft \u0111\u1ea7u \u0111\u1ebfn khi ph\u00e1t tri\u1ec3n l\u1edbn m\u1ea1nh. Ch\u00fang t\u00f4i hi\u1ec3u r\u1eb1ng m\u1ed7i doanh nghi\u1ec7p \u0111\u1ec1u c\u00f3 nh\u1eefng y\u00eau c\u1ea7u v\u00e0 m\u1ee5c ti\u00eau ri\u00eang, v\u00ec v\u1eady ch\u00fang t\u00f4i s\u1ebd t\u00f9y ch\u1ec9nh v\u00e0 cung c\u1ea5p gi\u1ea3i ph\u00e1p ph\u00f9 h\u1ee3p \u0111\u1ec3 mang l\u1ea1i nh\u1eefng gi\u00e1 tr\u1ecb t\u1ed1t nh\u1ea5t cho doanh nghi\u1ec7p.<\/span><span data-ccp-props=\"{&quot;201341983&quot;:0,&quot;335551550&quot;:6,&quot;335551620&quot;:6,&quot;335559739&quot;:160,&quot;335559740&quot;:259}\">\u00a0<\/span><\/p>\n<p><span data-ccp-props=\"{&quot;201341983&quot;:0,&quot;335551550&quot;:6,&quot;335551620&quot;:6,&quot;335559739&quot;:160,&quot;335559740&quot;:259}\">\u00a0<\/span><\/p>\n<p><b><span data-contrast=\"auto\">T\u1ea6M NH\u00ccN<\/span><\/b><span data-ccp-props=\"{&quot;201341983&quot;:0,&quot;335551550&quot;:6,&quot;335551620&quot;:6,&quot;335559739&quot;:160,&quot;335559740&quot;:259}\">\u00a0<\/span><\/p>\n<p><span data-contrast=\"auto\">L\u00e0 \u0111\u1ed1i t\u00e1c c\u00f4ng ngh\u1ec7 tin c\u1eady, h\u01b0\u1edbng t\u1edbi vi\u1ec7c \u0111\u1ed3ng h\u00e0nh c\u00f9ng doanh nghi\u1ec7p trong vi\u1ec7c x\u00e2y d\u1ef1ng v\u00e0 ph\u00e1t tri\u1ec3n h\u1ec7 sinh th\u00e1i IT to\u00e0n di\u1ec7n. Ch\u00fang t\u00f4i mong mu\u1ed1n mang \u0111\u1ebfn nh\u1eefng gi\u1ea3i ph\u00e1p c\u00f4ng ngh\u1ec7 t\u1ed1i \u01b0u, gi\u00fap kh\u00e1ch h\u00e0ng n\u00e2ng cao hi\u1ec7u su\u1ea5t v\u00e0 t\u1ea1o ra gi\u00e1 tr\u1ecb b\u1ec1n v\u1eefng.<\/span><span data-ccp-props=\"{&quot;201341983&quot;:0,&quot;335551550&quot;:6,&quot;335551620&quot;:6,&quot;335559739&quot;:160,&quot;335559740&quot;:259}\">\u00a0<\/span><\/p>\n<p><span data-ccp-props=\"{&quot;201341983&quot;:0,&quot;335551550&quot;:6,&quot;335551620&quot;:6,&quot;335559739&quot;:160,&quot;335559740&quot;:259}\">\u00a0<\/span><\/p>\n<p><b><span data-contrast=\"auto\">S\u1ee8 M\u1ec6NH<\/span><\/b><span data-ccp-props=\"{&quot;201341983&quot;:0,&quot;335551550&quot;:6,&quot;335551620&quot;:6,&quot;335559739&quot;:160,&quot;335559740&quot;:259}\">\u00a0<\/span><\/p>\n<p><span data-contrast=\"auto\">Tr\u1edf th\u00e0nh \u0111\u1ed1i t\u00e1c \u0111\u00e1ng tin c\u1eady, cung c\u1ea5p gi\u1ea3i ph\u00e1p c\u00f4ng ngh\u1ec7 th\u00f4ng tin to\u00e0n di\u1ec7n v\u00e0 d\u1ecbch v\u1ee5 ch\u1ea5t l\u01b0\u1ee3ng cao. Ch\u00fang t\u00f4i cam k\u1ebft \u0111\u1ed3ng h\u00e0nh c\u00f9ng doanh nghi\u1ec7p t\u1eeb l\u00fac kh\u1edfi nghi\u1ec7p \u0111\u1ebfn khi ph\u00e1t tri\u1ec3n m\u1ea1nh m\u1ebd, gi\u00fap doanh nghi\u1ec7p gi\u1ea3m thi\u1ec3u r\u1ee7i ro, t\u1ed1i \u01b0u h\u00f3a ho\u1ea1t \u0111\u1ed9ng v\u00e0 \u0111\u1ea1t \u0111\u01b0\u1ee3c th\u00e0nh c\u00f4ng b\u1ec1n v\u1eefng.<\/span><span data-ccp-props=\"{&quot;201341983&quot;:0,&quot;335551550&quot;:6,&quot;335551620&quot;:6,&quot;335559739&quot;:160,&quot;335559740&quot;:259}\">\u00a0<\/span><\/p>\n<p><span data-ccp-props=\"{&quot;201341983&quot;:0,&quot;335551550&quot;:6,&quot;335551620&quot;:6,&quot;335559739&quot;:160,&quot;335559740&quot;:259}\">\u00a0<\/span><\/p>\n<p><b><span data-contrast=\"auto\">GI\u00c1 TR\u1eca C\u1ed0T L\u00d5I<\/span><\/b><span data-ccp-props=\"{&quot;201341983&quot;:0,&quot;335551550&quot;:6,&quot;335551620&quot;:6,&quot;335559739&quot;:160,&quot;335559740&quot;:259}\">\u00a0<\/span><\/p>\n\n\t\t<\/div>\n\t<\/div>\n<div class=\"vc_row wpb_row vc_inner vc_row-fluid\"><div class=\"wpb_column vc_column_container vc_col-sm-12\"><div class=\"vc_column-inner\"><div class=\"wpb_wrapper\">\n\t<div class=\"wpb_raw_code wpb_content_element wpb_raw_html core-value\" >\n\t\t<div class=\"wpb_wrapper\">\n\t\t\t<div class=\"container\">\n  <button class=\"button1\">\n    NH\u1eaaN\n<div class=\"content\">\n      <span class=\"head-content\">NH\u1eaaN:\u00a0<\/span>\u0110\u1ed9i ng\u0169 nh\u00e2n s\u1ef1 ITSUPRO kh\u00f4ng ng\u1eebng c\u1ed1 g\u1eafng v\u00e0 l\u00e0m vi\u1ec7c kh\u00f4ng m\u1ec7t m\u1ecfi t\u1eebng ng\u00e0y \u0111\u1ec3 cung c\u1ea5p nh\u1eefng gi\u1ea3i ph\u00e1p c\u00f4ng ngh\u1ec7 th\u00f4ng tin t\u1ed1t nh\u1ea5t cho kh\u00e1ch h\u00e0ng. Ch\u00fang t\u00f4i lu\u00f4n s\u1eb5n l\u00f2ng l\u1eafng nghe v\u00e0 hi\u1ec3u r\u00f5 nhu c\u1ea7u c\u1ee7a h\u1ecd. B\u1eb1ng s\u1ef1 nh\u1eabn n\u1ea1i v\u00e0 t\u1eadn t\u1ee5y, ch\u00fang t\u00f4i t\u00ecm ki\u1ebfm nh\u1eefng gi\u1ea3i ph\u00e1p t\u1ed1i \u01b0u nh\u1ea5t v\u00e0 \u0111\u1ed3ng h\u00e0nh c\u00f9ng kh\u00e1ch h\u00e0ng \u0111\u1ec3 \u0111\u1ea1t \u0111\u01b0\u1ee3c th\u00e0nh c\u00f4ng b\u1ec1n v\u1eefng.\u00a0\n    <\/div>\n  <\/button>\n   <button class=\"button2\">\n    \u0110\u1ee8C\n<div class=\"content\">\n      <span class=\"head-content\">\u0110\u1ee8C:\u00a0<\/span>Ch\u00fang t\u00f4i tu\u00e2n th\u1ee7 nguy\u00ean t\u1eafc \u0111\u1ea1o \u0111\u1ee9c kinh doanh v\u00e0 \u0111\u1eb7t l\u00f2ng tin v\u00e0 t\u00ednh trung th\u1ef1c l\u00ean h\u00e0ng \u0111\u1ea7u. Ch\u00fang t\u00f4i th\u1ef1c hi\u1ec7n m\u1ecdi ho\u1ea1t \u0111\u1ed9ng v\u1edbi s\u1ef1 minh b\u1ea1ch v\u00e0 trung th\u1ef1c, gi\u1eef g\u00ecn uy t\u00edn v\u00e0 l\u00f2ng tin c\u1ee7a kh\u00e1ch h\u00e0ng. Ch\u00fang t\u00f4i cam k\u1ebft h\u00e0nh \u0111\u1ed9ng \u0111\u00fang m\u1ef1c v\u00e0 tu\u00e2n th\u1ee7 t\u1ea5t c\u1ea3 c\u00e1c quy \u0111\u1ecbnh ph\u00e1p lu\u1eadt v\u00e0 quy t\u1eafc \u0111\u1ea1o \u0111\u1ee9c trong c\u00e1c ho\u1ea1t \u0111\u1ed9ng kinh doanh c\u1ee7a ch\u00fang t\u00f4i.\n    <\/div>\n  <\/button>\n    <button class=\"button3\">\n    NH\u00c2N\n  <div class=\"content\">\n      <span class=\"head-content\">NH\u00c2N:\u00a0<\/span>ITSUPRO \u0111\u1eb7t con ng\u01b0\u1eddi l\u00e0 trung t\u00e2m c\u1ee7a m\u1ecdi ho\u1ea1t \u0111\u1ed9ng. Ch\u00fang t\u00f4i coi tr\u1ecdng m\u1ed1i quan h\u1ec7 v\u1edbi kh\u00e1ch h\u00e0ng, \u0111\u1ed1i t\u00e1c v\u00e0 nh\u00e2n vi\u00ean. Ch\u00fang t\u00f4i lu\u00f4n l\u1eafng nghe, hi\u1ec3u v\u00e0 \u0111\u00e1p \u1ee9ng t\u1ed1t nh\u1ea5t c\u00e1c nhu c\u1ea7u c\u1ee7a h\u1ecd. Ch\u00fang t\u00f4i x\u00e2y d\u1ef1ng m\u1ed9t m\u00f4i tr\u01b0\u1eddng l\u00e0m vi\u1ec7c t\u00f4n tr\u1ecdng, \u0111\u1ed9ng vi\u00ean v\u00e0 ph\u00e1t tri\u1ec3n nh\u00e2n t\u00e0i, g\u00f3p ph\u1ea7n v\u00e0o s\u1ef1 th\u00e0nh c\u00f4ng c\u1ee7a c\u1ea3 c\u00e1 nh\u00e2n v\u00e0 t\u1ed5 ch\u1ee9c.\u00a0\n    <\/div>\n  <\/button>\n  <div class=\"container1\">\n    <div class=\"circle1\">\n    <\/div>\n  <\/div>\n  <div class=\"container2\">\n    <div class=\"circle2\">\n    <\/div>\n  <\/div>\n  <div class=\"circle3\">\n  <\/div>\n<\/div>\n\t\t<\/div>\n\t<\/div>\n<div class=\"vc_empty_space\"   style=\"height: 32px\"><span class=\"vc_empty_space_inner\"><\/span><\/div><\/div><\/div><\/div><\/div><div class=\"vc_row wpb_row vc_inner vc_row-fluid\"><div class=\"wpb_column vc_column_container vc_col-sm-12\"><div class=\"vc_column-inner\"><div class=\"wpb_wrapper\">\n\t<div class=\"wpb_text_column wpb_content_element  about-contents\" >\n\t\t<div class=\"wpb_wrapper\">\n\t\t\t<p><span><strong>V\u0102N H\u00d3A C\u00d4NG TY<\/strong><\/span><\/p>\n\n\t\t<\/div>\n\t<\/div>\n<\/div><\/div><\/div><\/div>\n\t<div  class=\"wpb_single_image wpb_content_element vc_align_center\">\n\t\t\n\t\t<figure class=\"wpb_wrapper vc_figure\">\n\t\t\t<div class=\"vc_single_image-wrapper   vc_box_border_grey\"><img loading=\"lazy\" decoding=\"async\" width=\"300\" height=\"286\" src=\"https:\/\/itsupro.com\/wp-content\/uploads\/2024\/01\/Van-hoa-ITSUPRO-1-300x286.png\" class=\"vc_single_image-img attachment-medium\" alt=\"\" title=\"Van-hoa-ITSUPRO\" srcset=\"https:\/\/itsupro.com\/wp-content\/uploads\/2024\/01\/Van-hoa-ITSUPRO-1-300x286.png 300w, https:\/\/itsupro.com\/wp-content\/uploads\/2024\/01\/Van-hoa-ITSUPRO-1-13x12.png 13w, https:\/\/itsupro.com\/wp-content\/uploads\/2024\/01\/Van-hoa-ITSUPRO-1.png 716w\" sizes=\"auto, (max-width: 300px) 100vw, 300px\" \/><\/div>\n\t\t<\/figure>\n\t<\/div>\n\n\t<div class=\"wpb_text_column wpb_content_element  about-contents\" >\n\t\t<div class=\"wpb_wrapper\">\n\t\t\t<p><span>V\u0103n h\u00f3a c\u00f4ng ty c\u1ee7a ch\u00fang t\u00f4i \u0111\u01b0\u1ee3c x\u00e2y d\u1ef1ng d\u1ef1a tr\u00ean c\u00e1c gi\u00e1 tr\u1ecb quan tr\u1ecdng: <strong>T\u00f4n tr\u1ecdng &#8211; C\u00f9ng nhau &#8211; H\u1ecdc h\u1ecfi &#8211; \u0110\u1ed3ng c\u1ea3m &#8211; Chia s\u1ebb.<\/strong> Ch\u00fang t\u00f4i t\u00f4n tr\u1ecdng s\u1ef1 \u0111a d\u1ea1ng, quan \u0111i\u1ec3m v\u00e0 \u00fd ki\u1ebfn c\u1ee7a m\u1ed7i c\u00e1 nh\u00e2n. Ch\u00fang t\u00f4i tin r\u1eb1ng b\u1eb1ng c\u00e1ch c\u00f9ng nhau h\u1ee3p t\u00e1c, ch\u00fang ta c\u00f3 th\u1ec3 \u0111\u1ea1t \u0111\u01b0\u1ee3c nhi\u1ec1u h\u01a1n. Ch\u00fang t\u00f4i lu\u00f4n s\u1eb5n l\u00f2ng h\u1ecdc h\u1ecfi v\u00e0 chia s\u1ebb ki\u1ebfn th\u1ee9c, kinh nghi\u1ec7m \u0111\u1ec3 c\u00f9ng nhau ph\u00e1t tri\u1ec3n.<\/span><\/p>\n\n\t\t<\/div>\n\t<\/div>\n<\/div><\/div><\/div><\/div><div class=\"vc_row wpb_row vc_row-fluid wpb_animate_when_almost_visible wpb_fadeIn fadeIn\"><div class=\"wpb_column vc_column_container vc_col-sm-12\"><div class=\"vc_column-inner\"><div class=\"wpb_wrapper\"><div class=\"vc_empty_space\"   style=\"height: 32px\"><span class=\"vc_empty_space_inner\"><\/span><\/div><div class=\"vc_row wpb_row vc_inner vc_row-fluid\"><div class=\"wpb_column vc_column_container vc_col-sm-12\"><div class=\"vc_column-inner\"><div class=\"wpb_wrapper\"><\/div><\/div><\/div><\/div><div class=\"vc_empty_space\"   style=\"height: 32px\"><span class=\"vc_empty_space_inner\"><\/span><\/div><\/div><\/div><\/div><\/div>\n<\/section>","protected":false},"excerpt":{"rendered":"","protected":false},"author":2,"featured_media":0,"parent":0,"menu_order":0,"comment_status":"closed","ping_status":"closed","template":"","meta":{"footnotes":""},"class_list":["post-647","page","type-page","status-publish","hentry"],"_links":{"self":[{"href":"https:\/\/itsupro.com\/vi\/wp-json\/wp\/v2\/pages\/647","targetHints":{"allow":["GET"]}}],"collection":[{"href":"https:\/\/itsupro.com\/vi\/wp-json\/wp\/v2\/pages"}],"about":[{"href":"https:\/\/itsupro.com\/vi\/wp-json\/wp\/v2\/types\/page"}],"author":[{"embeddable":true,"href":"https:\/\/itsupro.com\/vi\/wp-json\/wp\/v2\/users\/2"}],"replies":[{"embeddable":true,"href":"https:\/\/itsupro.com\/vi\/wp-json\/wp\/v2\/comments?post=647"}],"version-history":[{"count":21,"href":"https:\/\/itsupro.com\/vi\/wp-json\/wp\/v2\/pages\/647\/revisions"}],"predecessor-version":[{"id":2002,"href":"https:\/\/itsupro.com\/vi\/wp-json\/wp\/v2\/pages\/647\/revisions\/2002"}],"wp:attachment":[{"href":"https:\/\/itsupro.com\/vi\/wp-json\/wp\/v2\/media?parent=647"}],"curies":[{"name":"wp","href":"https:\/\/api.w.org\/{rel}","templated":true}]}}