{"id":1826,"date":"2023-10-30T09:14:04","date_gmt":"2023-10-30T09:14:04","guid":{"rendered":"https:\/\/itsupro.com\/?page_id=1826"},"modified":"2023-11-07T06:41:53","modified_gmt":"2023-11-07T06:41:53","slug":"security","status":"publish","type":"page","link":"https:\/\/itsupro.com\/vi\/security\/","title":{"rendered":"B\u1ea3o M\u1eadt"},"content":{"rendered":"<section class=\"wpb-content-wrapper\"><div class=\"vc_row wpb_row vc_row-fluid vc_row-o-content-middle vc_row-flex\"><div class=\"wpb_column vc_column_container vc_col-sm-12\"><div class=\"vc_column-inner\"><div class=\"wpb_wrapper\"><h1 class=\"text-center\">B\u1ea3o M\u1eadt<\/h1><\/div><\/div><\/div><\/div><div class=\"vc_row wpb_row vc_row-fluid tab-items\"><div class=\"wpb_column vc_column_container vc_col-sm-12\"><div class=\"vc_column-inner\"><div class=\"wpb_wrapper\"><div class=\"vc_tta-container\" data-vc-action=\"collapse\"><div class=\"vc_general vc_tta vc_tta-tabs vc_tta-color-grey vc_tta-style-classic vc_tta-shape-rounded vc_tta-spacing-1 vc_tta-tabs-position-top vc_tta-controls-align-left\"><div class=\"vc_tta-tabs-container\"><ul class=\"vc_tta-tabs-list\"><li class=\"vc_tta-tab vc_active\" data-vc-tab><a href=\"#1698718897911-29f41dee-9f62\" data-vc-tabs data-vc-container=\".vc_tta\"><span class=\"vc_tta-title-text\">Tab 1<\/span><\/a><\/li><li class=\"vc_tta-tab\" data-vc-tab><a href=\"#1698718897911-00fac39f-15c3\" data-vc-tabs data-vc-container=\".vc_tta\"><span class=\"vc_tta-title-text\">Tab 2<\/span><\/a><\/li><\/ul><\/div><div class=\"vc_tta-panels-container\"><div class=\"vc_tta-panels\"><div class=\"vc_tta-panel vc_active\" id=\"1698718897911-29f41dee-9f62\" data-vc-content=\".vc_tta-panel-body\"><div class=\"vc_tta-panel-heading\"><h4 class=\"vc_tta-panel-title\"><a href=\"#1698718897911-29f41dee-9f62\" data-vc-accordion data-vc-container=\".vc_tta-container\"><span class=\"vc_tta-title-text\">Tab 1<\/span><\/a><\/h4><\/div><div class=\"vc_tta-panel-body\"><div class=\"vc_row wpb_row vc_inner vc_row-fluid\"><div class=\"wpb_column vc_column_container vc_col-sm-6\"><div class=\"vc_column-inner\"><div class=\"wpb_wrapper\">\n\t<div  class=\"wpb_single_image wpb_content_element vc_align_center\">\n\t\t<h2 class=\"wpb_heading wpb_singleimage_heading\">Acronis Certified Gold Partner<\/h2>\n\t\t<figure class=\"wpb_wrapper vc_figure\">\n\t\t\t<a href=\"https:\/\/www.acronis.com\/en-us\/partners\/locator\/#country=VN,search=itsupro,levels=serviceProviderLevel\" target=\"_blank\" class=\"vc_single_image-wrapper   vc_box_border_grey\"><img loading=\"lazy\" decoding=\"async\" width=\"640\" height=\"905\" src=\"https:\/\/itsupro.com\/wp-content\/uploads\/2023\/10\/ITSUPRO-INVESTMENT-AND-DEVELOPMENT-GOLD-PARTNER-1-1086x1536-1-724x1024.png\" class=\"vc_single_image-img attachment-large\" alt=\"\" title=\"ITSUPRO-INVESTMENT-AND-DEVELOPMENT-GOLD-PARTNER-1-1086x1536\" srcset=\"https:\/\/itsupro.com\/wp-content\/uploads\/2023\/10\/ITSUPRO-INVESTMENT-AND-DEVELOPMENT-GOLD-PARTNER-1-1086x1536-1-724x1024.png 724w, https:\/\/itsupro.com\/wp-content\/uploads\/2023\/10\/ITSUPRO-INVESTMENT-AND-DEVELOPMENT-GOLD-PARTNER-1-1086x1536-1-212x300.png 212w, https:\/\/itsupro.com\/wp-content\/uploads\/2023\/10\/ITSUPRO-INVESTMENT-AND-DEVELOPMENT-GOLD-PARTNER-1-1086x1536-1-768x1086.png 768w, https:\/\/itsupro.com\/wp-content\/uploads\/2023\/10\/ITSUPRO-INVESTMENT-AND-DEVELOPMENT-GOLD-PARTNER-1-1086x1536-1-8x12.png 8w, https:\/\/itsupro.com\/wp-content\/uploads\/2023\/10\/ITSUPRO-INVESTMENT-AND-DEVELOPMENT-GOLD-PARTNER-1-1086x1536-1.png 1086w\" sizes=\"auto, (max-width: 640px) 100vw, 640px\" \/><\/a>\n\t\t<\/figure>\n\t<\/div>\n<\/div><\/div><\/div><div class=\"wpb_column vc_column_container vc_col-sm-6\"><div class=\"vc_column-inner\"><div class=\"wpb_wrapper\">\n\t<div class=\"wpb_text_column wpb_content_element\" >\n\t\t<div class=\"wpb_wrapper\">\n\t\t\t<div class=\"vc_row wpb_row vc_row-fluid\">\n<div class=\"wpb_column vc_column_container vc_col-sm-12\">\n<div class=\"vc_column-inner\">\n<h3 class=\"s-company-about-us__content__title section-header\">Acronis l\u00e0 m\u1ed9t c\u00f4ng ty c\u00f4ng ngh\u1ec7 to\u00e0n c\u1ea7u c\u00f3 tr\u1ee5 s\u1edf t\u1ea1i Th\u1ee5y S\u0129, \u0111\u01b0\u1ee3c th\u00e0nh l\u1eadp t\u1ea1i Singapore.<\/h3>\n<div class=\"s-company-about-us__content__description\">\n<p>Acronis \u0111\u01b0\u1ee3c th\u00e0nh l\u1eadp b\u1edfi Serg Bell, Ilya Zubarev v\u00e0 Stanislav Protassov v\u00e0o n\u0103m 2001 nh\u01b0 m\u1ed9t \u0111\u01a1n v\u1ecb kinh doanh ri\u00eang trong SWsoft. N\u0103m 2003, Acronis t\u00e1ch ra th\u00e0nh m\u1ed9t c\u00f4ng ty \u0111\u1ed9c l\u1eadp. C\u00f4ng ty \u0111\u00e3 chuy\u1ec3n t\u1eeb vi\u1ec7c t\u1eadp trung v\u00e0o ph\u00e2n v\u00f9ng \u1ed5 \u0111\u0129a v\u00e0 ph\u1ea7n m\u1ec1m kh\u1edfi \u0111\u1ed9ng m\u00e1y t\u00ednh sang vi\u1ec7c t\u1eadp trung v\u00e0o ph\u1ea7n m\u1ec1m sao l\u01b0u v\u00e0 kh\u00f4i ph\u1ee5c d\u1eef li\u1ec7u d\u1ef1a tr\u00ean c\u00f4ng ngh\u1ec7 h\u00ecnh \u1ea3nh \u1ed5 \u0111\u0129a<\/p>\n<h3>B\u1ea3o v\u1ec7 m\u1ea1ng l\u01b0\u1edbi duy nh\u1ea5t cho t\u01b0\u01a1ng lai #CyberFit.<\/h3>\n<p>C\u00e1c gi\u1ea3i ph\u00e1p B\u1ea3o v\u1ec7 Cyber c\u1ee7a Acronis bao g\u1ed3m t\u1ea5t c\u1ea3 n\u0103m h\u01b0\u1edbng c\u1ee7a b\u1ea3o v\u1ec7 cyber - an to\u00e0n, truy c\u1eadp, ri\u00eang t\u01b0, x\u00e1c th\u1ef1c v\u00e0 b\u1ea3o m\u1eadt (SAPAS). C\u00e1c t\u00ednh n\u0103ng t\u1ef1 \u0111\u1ed9ng h\u00f3a \u0111\u1ed9c \u0111\u00e1o v\u00e0 m\u1ea1ng l\u01b0\u1edbi t\u00edch h\u1ee3p ng\u00e0y c\u00e0ng m\u1edf r\u1ed9ng \u0111\u1ea3m b\u1ea3o r\u1eb1ng c\u00e1c \u0111\u1ed1i t\u00e1c v\u00e0 kh\u00e1ch h\u00e0ng \u0111\u01b0\u1ee3c b\u1ea3o v\u1ec7 \u1edf c\u1ea3 n\u0103m giai \u0111o\u1ea1n - ng\u0103n ch\u1eb7n, ph\u00e1t hi\u1ec7n, ph\u1ea3n \u1ee9ng, ph\u1ee5c h\u1ed3i v\u00e0 ph\u00e1p l\u00fd - th\u00f4ng qua m\u1ed9t gi\u1ea3i ph\u00e1p to\u00e0n di\u1ec7n duy nh\u1ea5t.<\/p>\n<p><span style=\"color: #f9c747;\">\u200b<a href=\"https:\/\/www.acronis.com\/en-us\/partners\/locator\/#country=VN,search=itsupro,levels=serviceProviderLevel\" style=\"text-decoration:none;\"><span style=\"color: #f9c747;\">Being the first Gold Partner of Acronis<\/span><\/a><\/span> t\u1ea1i Vi\u1ec7t Nam, ch\u00fang t\u00f4i cung c\u1ea5p c\u00e1c s\u1ea3n ph\u1ea9m :<\/p>\n<\/div>\n<\/div>\n<\/div>\n<\/div>\n\n\t\t<\/div>\n\t<\/div>\n\n\t<div class=\"wpb_raw_code wpb_content_element wpb_raw_html list-product\" >\n\t\t<div class=\"wpb_wrapper\">\n\t\t\t  <head>\n    <title>Using Font Awesome Icons Via CSS Pseudo-elements (Web Fonts + CSS Framework)<\/title>\n    \n    <link rel=\"stylesheet\" href=\"https:\/\/pro.fontawesome.com\/releases\/v5.10.1\/css\/all.css\">\n  <\/head>\n<ul class=\"list-product\">\n<li><i class=\"fa-solid fa-circle-check\" style=\"color: #f9c747;\"><\/i>Advanced Security<\/li>\n<li><i class=\"fa-solid fa-circle-check\" style=\"color: #f9c747;\"><\/i>Advanced Security + EDR<\/li>\n<li><i class=\"fa-solid fa-circle-check\" style=\"color: #f9c747;\"><\/i>Advanced Management<\/li>\n<li><i class=\"fa-solid fa-circle-check\" style=\"color: #f9c747;\"><\/i>Advanced Backup<\/li>\n<li><i class=\"fa-solid fa-circle-check\" style=\"color: #f9c747;\"><\/i>Advanced Data Loss Prevention (DLP)<\/li>\n<\/ul>\n\n\t\t<\/div>\n\t<\/div>\n<div class=\"vc_btn3-container vc_btn3-left\" ><a class=\"vc_general vc_btn3 vc_btn3-size-md vc_btn3-shape-rounded vc_btn3-style-outline vc_btn3-color-juicy-pink\" href=\"https:\/\/shop.itsupro.com\/phan-mem-diet-virus\" title=\"\">Mua Ngay<\/a><\/div><\/div><\/div><\/div><\/div><\/div><\/div><div class=\"vc_tta-panel\" id=\"1698718897911-00fac39f-15c3\" data-vc-content=\".vc_tta-panel-body\"><div class=\"vc_tta-panel-heading\"><h4 class=\"vc_tta-panel-title\"><a href=\"#1698718897911-00fac39f-15c3\" data-vc-accordion data-vc-container=\".vc_tta-container\"><span class=\"vc_tta-title-text\">Tab 2<\/span><\/a><\/h4><\/div><div class=\"vc_tta-panel-body\"><div class=\"vc_row wpb_row vc_inner vc_row-fluid\"><div class=\"wpb_column vc_column_container vc_col-sm-6\"><div class=\"vc_column-inner\"><div class=\"wpb_wrapper\">\n\t<div  class=\"wpb_single_image wpb_content_element vc_align_center\">\n\t\t<h2 class=\"wpb_heading wpb_singleimage_heading\">Sophos Certified Partner<\/h2>\n\t\t<figure class=\"wpb_wrapper vc_figure\">\n\t\t\t<a class=\"\" data-lightbox=\"lightbox[rel-1826-2633398023]\" href=\"https:\/\/itsupro.com\/wp-content\/uploads\/2023\/11\/photo_2023-11-07_12-59-02.jpg\" target=\"_self\"><img loading=\"lazy\" decoding=\"async\" width=\"600\" height=\"300\" src=\"https:\/\/itsupro.com\/wp-content\/uploads\/2023\/11\/photo_2023-11-07_12-59-02.jpg\" class=\"vc_single_image-img attachment-large\" alt=\"\" title=\"photo_2023-11-07_12-59-02\" srcset=\"https:\/\/itsupro.com\/wp-content\/uploads\/2023\/11\/photo_2023-11-07_12-59-02.jpg 600w, https:\/\/itsupro.com\/wp-content\/uploads\/2023\/11\/photo_2023-11-07_12-59-02-300x150.jpg 300w, https:\/\/itsupro.com\/wp-content\/uploads\/2023\/11\/photo_2023-11-07_12-59-02-18x9.jpg 18w\" sizes=\"auto, (max-width: 600px) 100vw, 600px\" \/><\/a>\n\t\t<\/figure>\n\t<\/div>\n<\/div><\/div><\/div><div class=\"wpb_column vc_column_container vc_col-sm-6\"><div class=\"vc_column-inner\"><div class=\"wpb_wrapper\">\n\t<div class=\"wpb_text_column wpb_content_element\" >\n\t\t<div class=\"wpb_wrapper\">\n\t\t\t<h3>Sophos Group plc l\u00e0 m\u1ed9t c\u00f4ng ty ph\u1ea7n m\u1ec1m b\u1ea3o m\u1eadt v\u00e0 ph\u1ea7n c\u1ee9ng c\u00f3 tr\u1ee5 s\u1edf t\u1ea1i Anh Qu\u1ed1c<\/h3>\n<p>Sophos \u0111\u01b0\u1ee3c th\u00e0nh l\u1eadp b\u1edfi Jan Hruska v\u00e0 Peter Lammer v\u00e0 b\u1eaft \u0111\u1ea7u s\u1ea3n xu\u1ea5t c\u00e1c s\u1ea3n ph\u1ea9m antivirus v\u00e0 m\u00e3 h\u00f3a \u0111\u1ea7u ti\u00ean c\u1ee7a m\u00ecnh v\u00e0o n\u0103m 1985. Trong nh\u1eefng n\u0103m cu\u1ed1i th\u1eadp k\u1ef7 1980 v\u00e0 su\u1ed1t th\u1eadp k\u1ef7 1990, Sophos ch\u1ee7 y\u1ebfu ph\u00e1t tri\u1ec3n v\u00e0 b\u00e1n m\u1ed9t lo\u1ea1t c\u00f4ng ngh\u1ec7 b\u1ea3o m\u1eadt \u1edf , bao g\u1ed3m c\u00e1c c\u00f4ng c\u1ee5 m\u00e3 h\u00f3a c\u00f3 s\u1eb5n cho h\u1ea7u h\u1ebft ng\u01b0\u1eddi d\u00f9ng (c\u00e1 nh\u00e2n ho\u1eb7c doanh nghi\u1ec7p). V\u00e0o cu\u1ed1i nh\u1eefng n\u0103m 1990, Sophos t\u1eadp trung n\u1ed7 l\u1ef1c v\u00e0o vi\u1ec7c ph\u00e1t tri\u1ec3n v\u00e0 b\u00e1n c\u00f4ng ngh\u1ec7 antivirus v\u00e0 b\u1eaft \u0111\u1ea7u m\u1ed9t ch\u01b0\u01a1ng tr\u00ecnh m\u1edf r\u1ed9ng qu\u1ed1c t\u1ebf.<\/p>\n<p>Sophos l\u00e0 m\u1ed9t gi\u1ea3i ph\u00e1p an ninh m\u1ea1ng cung c\u1ea5p c\u00e1c gi\u1ea3i ph\u00e1p ph\u00e1t hi\u1ec7n v\u00e0 ph\u1ea3n \u1ee9ng, t\u01b0\u1eddng l\u1eeda, \u0111\u00e1m m\u00e2y v\u00e0 qu\u1ea3n l\u00fd d\u1ecbch v\u1ee5 cho an ninh m\u1ea1ng v\u00e0 qu\u1ea3n l\u00fd m\u1ed1i \u0111e d\u1ecda th\u1ed1ng nh\u1ea5t.<\/p>\n<p>Ph\u1ea7n m\u1ec1m c\u1ee7a Sophos cung c\u1ea5p ch\u1ee9c n\u0103ng ng\u0103n ch\u1eb7n ph\u1ea7n m\u1ec1m \u0111\u1ed9c h\u1ea1i, trang web l\u1eeba \u0111\u1ea3o v\u00e0 ransomware quan tr\u1ecdng. Trong khi c\u00e1c chuy\u00ean gia an ninh quen thu\u1ed9c v\u1edbi ph\u1ea7n m\u1ec1m Sophos antivirus, ch\u01b0\u01a1ng tr\u00ecnh ch\u1ec9 xu\u1ea5t s\u1eafc trong vi\u1ec7c ph\u00e1t hi\u1ec7n ph\u1ea7n m\u1ec1m \u0111\u1ed9c h\u1ea1i c\u01a1 b\u1ea3n. Sophos b\u1ea3o v\u1ec7 thi\u1ebft b\u1ecb c\u1ee7a b\u1ea1n kh\u1ecfi ph\u1ea7n m\u1ec1m \u0111\u1ed9c h\u1ea1i, hacker v\u00e0 nh\u1eefng k\u1ebb x\u00e2m nh\u1eadp nguy hi\u1ec3m kh\u00e1c.<\/p>\n<p>Sophos c\u0169ng theo d\u00f5i c\u00e1c \u1ee9ng d\u1ee5ng v\u00e0 \u1ee9ng d\u1ee5ng c\u1ee7a b\u1ea1n, ch\u1eb7n nh\u1eefng \u1ee9ng d\u1ee5ng c\u00f3 h\u1ea1i v\u00e0 cho ph\u00e9p ng\u01b0\u1eddi d\u00f9ng g\u1ee1 b\u1ecf ch\u00fang.<\/p>\n<p>H\u01a1n n\u1eefa, Sophos s\u1eed d\u1ee5ng m\u1ed9t c\u01a1 s\u1edf d\u1eef li\u1ec7u to\u00e0n c\u1ea7u \u0111\u1ec3 ng\u0103n ng\u01b0\u1eddi d\u00f9ng truy c\u1eadp v\u00e0o c\u00e1c trang web l\u1eeba \u0111\u1ea3o, c\u0169ng nh\u01b0 ki\u1ec3m tra m\u00e3 ngu\u1ed3n c\u1ee7a trang web \u0111\u1ec3 b\u1ea3o v\u1ec7 kh\u1ecfi c\u00e1c trang web v\u00e0 t\u1ea3i xu\u1ed1ng b\u1ecb x\u00e2m ph\u1ea1m.<\/p>\n\n\t\t<\/div>\n\t<\/div>\n<div class=\"vc_btn3-container vc_btn3-inline\" ><a class=\"vc_general vc_btn3 vc_btn3-size-md vc_btn3-shape-rounded vc_btn3-style-outline vc_btn3-color-juicy-pink\" href=\"https:\/\/shop.itsupro.com\/thiet-bi-tuong-lua-firewall\" title=\"\">Mua Ngay<\/a><\/div><\/div><\/div><\/div><\/div><\/div><\/div><\/div><\/div><\/div><\/div><div class=\"vc_empty_space\"   style=\"height: 32px\"><span class=\"vc_empty_space_inner\"><\/span><\/div><\/div><\/div><\/div><\/div><div class=\"vc_row wpb_row vc_row-fluid\"><div class=\"wpb_column vc_column_container vc_col-sm-12\"><div class=\"vc_column-inner\"><div class=\"wpb_wrapper\">\n\t<div class=\"wpb_raw_code wpb_raw_js\" >\n\t\t<div class=\"wpb_wrapper\">\n\t\t\t<script> \nvar tabsIcon=document.querySelectorAll('.tab-items ul li a')\ntabsIcon[0].innerHTML=\"<img src='https:\/\/itsupro.com\/wp-content\/uploads\/2023\/09\/acronis.png' style='margin-right : 5px;'><span>Acronis<\/span>\"\ntabsIcon[1].innerHTML=\"<img src='https:\/\/itsupro.com\/wp-content\/uploads\/2023\/09\/sophos.png' style='margin-right : 5px;'><span>Sophos<\/span>\"\n<\/script>\n\t\t<\/div>\n\t<\/div>\n<\/div><\/div><\/div><\/div>\n<\/section>","protected":false},"excerpt":{"rendered":"SecurityTab 1Tab 2Tab 1 Acronis Certified Gold Partner Acronis is a Swiss global technology company, founded in Singapore Acronis was founded by\u00a0Serg Bell, Ilya Zubarev and Stanislav Protassov in 2001 <a href='https:\/\/itsupro.com\/vi\/security\/' title='read more!'>...<\/a>","protected":false},"author":2,"featured_media":0,"parent":0,"menu_order":0,"comment_status":"closed","ping_status":"closed","template":"","meta":{"footnotes":""},"class_list":["post-1826","page","type-page","status-publish","hentry"],"_links":{"self":[{"href":"https:\/\/itsupro.com\/vi\/wp-json\/wp\/v2\/pages\/1826","targetHints":{"allow":["GET"]}}],"collection":[{"href":"https:\/\/itsupro.com\/vi\/wp-json\/wp\/v2\/pages"}],"about":[{"href":"https:\/\/itsupro.com\/vi\/wp-json\/wp\/v2\/types\/page"}],"author":[{"embeddable":true,"href":"https:\/\/itsupro.com\/vi\/wp-json\/wp\/v2\/users\/2"}],"replies":[{"embeddable":true,"href":"https:\/\/itsupro.com\/vi\/wp-json\/wp\/v2\/comments?post=1826"}],"version-history":[{"count":38,"href":"https:\/\/itsupro.com\/vi\/wp-json\/wp\/v2\/pages\/1826\/revisions"}],"predecessor-version":[{"id":1935,"href":"https:\/\/itsupro.com\/vi\/wp-json\/wp\/v2\/pages\/1826\/revisions\/1935"}],"wp:attachment":[{"href":"https:\/\/itsupro.com\/vi\/wp-json\/wp\/v2\/media?parent=1826"}],"curies":[{"name":"wp","href":"https:\/\/api.w.org\/{rel}","templated":true}]}}